{"id":28983,"date":"2021-08-26T12:26:53","date_gmt":"2021-08-26T09:26:53","guid":{"rendered":"https:\/\/sveikostogos.lt\/wish-list\/"},"modified":"2025-03-24T19:34:25","modified_gmt":"2025-03-24T17:34:25","slug":"wish-list","status":"publish","type":"page","link":"https:\/\/sveikostogos.lt\/en\/wish-list\/","title":{"rendered":"Wish List"},"content":{"rendered":"\t\t\n\t\t\n\n\t\t\t\t<div class=\"\" >\n\t\t\t\t\t\t<div class=\"wd-wishlist-content\">\n\t\t\t\t\t\t\t\t\t\n\t\t<div class=\"wd-empty-block wd-empty-wishlist\">\n\n\t\t<h2 class=\"wd-empty-block-title\">\n\t\t\tThis wishlist is empty.\t\t<\/h2>\n\n\t\t\t\t\t<p class=\"wd-empty-block-text\">\n\t\t\t\tNor\u0173 s\u0105ra\u0161e dar neturite joki\u0173 produkt\u0173. M\u016bs\u0173 \u201eParduotuv\u0117\u201c puslapyje rasite daug \u012fdomi\u0173 preki\u0173.\t\t\t<\/p>\n\t\t\n\t\t\n\t\t\t\t\t<a class=\"button btn btn-accent wd-empty-block-btn\" href=\"https:\/\/sveikostogos.lt\/en\/store\/\">\n\t\t\t\tReturn to shop\t\t\t<\/a>\n\t\t\n\t\t\t\t\t<\/div>\n\t\t\t\t\t\t\t\t\t\t\t<\/div>\n\t\t\t\t<\/div>\n\t\t\n","protected":false},"excerpt":{"rendered":"","protected":false},"author":1,"featured_media":0,"parent":0,"menu_order":0,"comment_status":"closed","ping_status":"closed","template":"","meta":{"footnotes":""},"class_list":["post-28983","page","type-page","status-publish","hentry"],"yoast_head":"<!-- This site is optimized with the Yoast SEO plugin v27.4 - https:\/\/yoast.com\/product\/yoast-seo-wordpress\/ -->\n<title>Wish List | Sportex1<\/title>\n<meta name=\"robots\" content=\"index, follow, max-snippet:-1, max-image-preview:large, max-video-preview:-1\" \/>\n<link rel=\"canonical\" href=\"https:\/\/sveikostogos.lt\/en\/wish-list\/\" \/>\n<meta property=\"og:locale\" content=\"en_US\" \/>\n<meta property=\"og:type\" content=\"article\" \/>\n<meta property=\"og:title\" content=\"Wish List | Sportex1\" \/>\n<meta property=\"og:url\" content=\"https:\/\/sveikostogos.lt\/en\/wish-list\/\" \/>\n<meta property=\"og:site_name\" content=\"Sportex1\" \/>\n<meta property=\"article:modified_time\" content=\"2025-03-24T17:34:25+00:00\" \/>\n<meta property=\"og:image\" content=\"https:\/\/sveikostogos.lt\/wp-content\/uploads\/2025\/01\/Logo-Web-1.png\" \/>\n\t<meta property=\"og:image:width\" content=\"200\" \/>\n\t<meta property=\"og:image:height\" content=\"120\" \/>\n\t<meta property=\"og:image:type\" content=\"image\/png\" \/>\n<meta name=\"twitter:card\" content=\"summary_large_image\" \/>\n<script type=\"application\/ld+json\" class=\"yoast-schema-graph\">{\"@context\":\"https:\\\/\\\/schema.org\",\"@graph\":[{\"@type\":\"WebPage\",\"@id\":\"https:\\\/\\\/sveikostogos.lt\\\/en\\\/wish-list\\\/\",\"url\":\"https:\\\/\\\/sveikostogos.lt\\\/en\\\/wish-list\\\/\",\"name\":\"Wish List | Sportex1\",\"isPartOf\":{\"@id\":\"https:\\\/\\\/sveikostogos.lt\\\/en\\\/#website\"},\"datePublished\":\"2021-08-26T09:26:53+00:00\",\"dateModified\":\"2025-03-24T17:34:25+00:00\",\"breadcrumb\":{\"@id\":\"https:\\\/\\\/sveikostogos.lt\\\/en\\\/wish-list\\\/#breadcrumb\"},\"inLanguage\":\"en-US\",\"potentialAction\":[{\"@type\":\"ReadAction\",\"target\":[\"https:\\\/\\\/sveikostogos.lt\\\/en\\\/wish-list\\\/\"]}]},{\"@type\":\"BreadcrumbList\",\"@id\":\"https:\\\/\\\/sveikostogos.lt\\\/en\\\/wish-list\\\/#breadcrumb\",\"itemListElement\":[{\"@type\":\"ListItem\",\"position\":1,\"name\":\"Home\",\"item\":\"https:\\\/\\\/sveikostogos.lt\\\/en\\\/main\\\/\"},{\"@type\":\"ListItem\",\"position\":2,\"name\":\"Wish List\"}]},{\"@type\":\"WebSite\",\"@id\":\"https:\\\/\\\/sveikostogos.lt\\\/en\\\/#website\",\"url\":\"https:\\\/\\\/sveikostogos.lt\\\/en\\\/\",\"name\":\"Sportex1\",\"description\":\"\",\"publisher\":{\"@id\":\"https:\\\/\\\/sveikostogos.lt\\\/en\\\/#organization\"},\"potentialAction\":[{\"@type\":\"SearchAction\",\"target\":{\"@type\":\"EntryPoint\",\"urlTemplate\":\"https:\\\/\\\/sveikostogos.lt\\\/en\\\/?s={search_term_string}\"},\"query-input\":{\"@type\":\"PropertyValueSpecification\",\"valueRequired\":true,\"valueName\":\"search_term_string\"}}],\"inLanguage\":\"en-US\"},{\"@type\":\"Organization\",\"@id\":\"https:\\\/\\\/sveikostogos.lt\\\/en\\\/#organization\",\"name\":\"Sportex1\",\"url\":\"https:\\\/\\\/sveikostogos.lt\\\/en\\\/\",\"logo\":{\"@type\":\"ImageObject\",\"inLanguage\":\"en-US\",\"@id\":\"https:\\\/\\\/sveikostogos.lt\\\/en\\\/#\\\/schema\\\/logo\\\/image\\\/\",\"url\":\"https:\\\/\\\/sveikostogos.lt\\\/wp-content\\\/uploads\\\/2025\\\/01\\\/Logo-Web-1.png\",\"contentUrl\":\"https:\\\/\\\/sveikostogos.lt\\\/wp-content\\\/uploads\\\/2025\\\/01\\\/Logo-Web-1.png\",\"width\":200,\"height\":120,\"caption\":\"Sportex1\"},\"image\":{\"@id\":\"https:\\\/\\\/sveikostogos.lt\\\/en\\\/#\\\/schema\\\/logo\\\/image\\\/\"}}]}<\/script>\n<!-- \/ Yoast SEO plugin. -->","yoast_head_json":{"title":"Wish List | Sportex1","robots":{"index":"index","follow":"follow","max-snippet":"max-snippet:-1","max-image-preview":"max-image-preview:large","max-video-preview":"max-video-preview:-1"},"canonical":"https:\/\/sveikostogos.lt\/en\/wish-list\/","og_locale":"en_US","og_type":"article","og_title":"Wish List | Sportex1","og_url":"https:\/\/sveikostogos.lt\/en\/wish-list\/","og_site_name":"Sportex1","article_modified_time":"2025-03-24T17:34:25+00:00","og_image":[{"width":200,"height":120,"url":"https:\/\/sveikostogos.lt\/wp-content\/uploads\/2025\/01\/Logo-Web-1.png","type":"image\/png"}],"twitter_card":"summary_large_image","schema":{"@context":"https:\/\/schema.org","@graph":[{"@type":"WebPage","@id":"https:\/\/sveikostogos.lt\/en\/wish-list\/","url":"https:\/\/sveikostogos.lt\/en\/wish-list\/","name":"Wish List | Sportex1","isPartOf":{"@id":"https:\/\/sveikostogos.lt\/en\/#website"},"datePublished":"2021-08-26T09:26:53+00:00","dateModified":"2025-03-24T17:34:25+00:00","breadcrumb":{"@id":"https:\/\/sveikostogos.lt\/en\/wish-list\/#breadcrumb"},"inLanguage":"en-US","potentialAction":[{"@type":"ReadAction","target":["https:\/\/sveikostogos.lt\/en\/wish-list\/"]}]},{"@type":"BreadcrumbList","@id":"https:\/\/sveikostogos.lt\/en\/wish-list\/#breadcrumb","itemListElement":[{"@type":"ListItem","position":1,"name":"Home","item":"https:\/\/sveikostogos.lt\/en\/main\/"},{"@type":"ListItem","position":2,"name":"Wish List"}]},{"@type":"WebSite","@id":"https:\/\/sveikostogos.lt\/en\/#website","url":"https:\/\/sveikostogos.lt\/en\/","name":"Sportex1","description":"","publisher":{"@id":"https:\/\/sveikostogos.lt\/en\/#organization"},"potentialAction":[{"@type":"SearchAction","target":{"@type":"EntryPoint","urlTemplate":"https:\/\/sveikostogos.lt\/en\/?s={search_term_string}"},"query-input":{"@type":"PropertyValueSpecification","valueRequired":true,"valueName":"search_term_string"}}],"inLanguage":"en-US"},{"@type":"Organization","@id":"https:\/\/sveikostogos.lt\/en\/#organization","name":"Sportex1","url":"https:\/\/sveikostogos.lt\/en\/","logo":{"@type":"ImageObject","inLanguage":"en-US","@id":"https:\/\/sveikostogos.lt\/en\/#\/schema\/logo\/image\/","url":"https:\/\/sveikostogos.lt\/wp-content\/uploads\/2025\/01\/Logo-Web-1.png","contentUrl":"https:\/\/sveikostogos.lt\/wp-content\/uploads\/2025\/01\/Logo-Web-1.png","width":200,"height":120,"caption":"Sportex1"},"image":{"@id":"https:\/\/sveikostogos.lt\/en\/#\/schema\/logo\/image\/"}}]}},"jetpack_sharing_enabled":true,"_links":{"self":[{"href":"https:\/\/sveikostogos.lt\/en\/wp-json\/wp\/v2\/pages\/28983","targetHints":{"allow":["GET"]}}],"collection":[{"href":"https:\/\/sveikostogos.lt\/en\/wp-json\/wp\/v2\/pages"}],"about":[{"href":"https:\/\/sveikostogos.lt\/en\/wp-json\/wp\/v2\/types\/page"}],"author":[{"embeddable":true,"href":"https:\/\/sveikostogos.lt\/en\/wp-json\/wp\/v2\/users\/1"}],"replies":[{"embeddable":true,"href":"https:\/\/sveikostogos.lt\/en\/wp-json\/wp\/v2\/comments?post=28983"}],"version-history":[{"count":1,"href":"https:\/\/sveikostogos.lt\/en\/wp-json\/wp\/v2\/pages\/28983\/revisions"}],"predecessor-version":[{"id":28984,"href":"https:\/\/sveikostogos.lt\/en\/wp-json\/wp\/v2\/pages\/28983\/revisions\/28984"}],"wp:attachment":[{"href":"https:\/\/sveikostogos.lt\/en\/wp-json\/wp\/v2\/media?parent=28983"}],"curies":[{"name":"wp","href":"https:\/\/api.w.org\/{rel}","templated":true}]}}